{"id":6119,"date":"2023-02-28T16:08:02","date_gmt":"2023-02-28T16:08:02","guid":{"rendered":"https:\/\/mezcalsobreviviente.com\/?post_type=product&#038;p=6119"},"modified":"2026-02-01T07:49:56","modified_gmt":"2026-02-01T07:49:56","slug":"mezcal-sobreviviente","status":"publish","type":"product","link":"https:\/\/mezcalsobreviviente.com\/index.php\/product\/mezcal-sobreviviente\/","title":{"rendered":"Mezcal Sobreviviente Espad\u00edn Joven"},"content":{"rendered":"<p>El Espad\u00edn Joven es un tipo de mezcal hecho con la planta Agave angustifolia, que se cultiva en Oaxaca. Esta planta madura entre unos 6-8 a\u00f1os, y crece en diversos suelos y elevaciones, lo que resulta en una amplia variedad de sabores, que van desde afrutados y picantes hasta herb\u00e1ceos y terrosos.<\/p>\n","protected":false},"excerpt":{"rendered":"<p>El Espad\u00edn Joven tiene un contenido de alcohol del 40% y es producido por el maestro mezcalero Benito Mart\u00ednez despu\u00e9s de un proceso de 8 a\u00f1os para cosechar el Agave Angustifolia. Al probarlo, se perciben aromas frutales y herbales, con un final medio con la aparici\u00f3n de especias, y tiene un sabor intenso.<\/p>\n<p>&nbsp;<\/p>\n","protected":false},"featured_media":6125,"comment_status":"open","ping_status":"closed","template":"","meta":[],"product_cat":[70,69],"product_tag":[],"_links":{"self":[{"href":"https:\/\/mezcalsobreviviente.com\/index.php\/wp-json\/wp\/v2\/product\/6119"}],"collection":[{"href":"https:\/\/mezcalsobreviviente.com\/index.php\/wp-json\/wp\/v2\/product"}],"about":[{"href":"https:\/\/mezcalsobreviviente.com\/index.php\/wp-json\/wp\/v2\/types\/product"}],"replies":[{"embeddable":true,"href":"https:\/\/mezcalsobreviviente.com\/index.php\/wp-json\/wp\/v2\/comments?post=6119"}],"version-history":[{"count":8,"href":"https:\/\/mezcalsobreviviente.com\/index.php\/wp-json\/wp\/v2\/product\/6119\/revisions"}],"predecessor-version":[{"id":6378,"href":"https:\/\/mezcalsobreviviente.com\/index.php\/wp-json\/wp\/v2\/product\/6119\/revisions\/6378"}],"wp:featuredmedia":[{"embeddable":true,"href":"https:\/\/mezcalsobreviviente.com\/index.php\/wp-json\/wp\/v2\/media\/6125"}],"wp:attachment":[{"href":"https:\/\/mezcalsobreviviente.com\/index.php\/wp-json\/wp\/v2\/media?parent=6119"}],"wp:term":[{"taxonomy":"product_cat","embeddable":true,"href":"https:\/\/mezcalsobreviviente.com\/index.php\/wp-json\/wp\/v2\/product_cat?post=6119"},{"taxonomy":"product_tag","embeddable":true,"href":"https:\/\/mezcalsobreviviente.com\/index.php\/wp-json\/wp\/v2\/product_tag?post=6119"}],"curies":[{"name":"wp","href":"https:\/\/api.w.org\/{rel}","templated":true}]}}